{"id":105,"date":"2025-02-26T00:57:06","date_gmt":"2025-02-26T00:57:06","guid":{"rendered":"https:\/\/sarsturismo.com.ar\/index.php\/tips-2\/"},"modified":"2025-03-17T11:49:38","modified_gmt":"2025-03-17T11:49:38","slug":"tips-2","status":"publish","type":"page","link":"https:\/\/sarsturismo.com.ar\/index.php\/tips-2\/","title":{"rendered":"Tips"},"content":{"rendered":"\n    \n    <section class=\"u-align-center u-clearfix u-container-align-center u-image u-shading u-section-2\" id=\"sec-7ed8\" data-image-width=\"1600\" data-image-height=\"1200\" style=\"background-image: linear-gradient(0deg, rgba(41, 46, 51, 0.75), rgba(41, 46, 51, 0.75)), url(&quot;https:\/\/sarsturismo.com.ar\/wp-content\/uploads\/2025\/02\/WhatsAppImage2024-01-22at13.38.52-1.jpeg&quot;);\">\n      <h1 class=\"u-align-center u-text u-title u-text-1\" data-animation-name=\"customAnimationIn\" data-animation-duration=\"1000\" data-animation-delay=\"500\"> Tips &amp; Consejos<br>\n      <\/h1>\n      <div class=\"u-image u-image-circle u-image-contain u-preserve-proportions u-image-1\" alt=\"\" data-image-width=\"2054\" data-image-height=\"2054\" data-animation-name=\"customAnimationIn\" data-animation-duration=\"1000\" data-animation-delay=\"0\" style=\"background-image: url(&quot;https:\/\/sarsturismo.com.ar\/wp-content\/uploads\/2025\/02\/SARS_2_-2.jpg&quot;);\"><\/div>\n    <\/section>\n    <section class=\"u-align-center u-clearfix u-container-align-center u-grey-80 u-section-3\" id=\"sec-c0ac\">\n      <div class=\"u-clearfix u-sheet u-sheet-1\">\n        <h3 class=\"u-align-center u-text u-text-custom-color-1 u-text-default u-text-1\"><b>\u00bfC\u00f3mo es el clima en Mendoza? <\/b>\n        <\/h3>\n        <p class=\"u-align-center u-large-text u-text u-text-default-lg u-text-default-md u-text-default-sm u-text-default-xs u-text-variant u-text-2\"><b>La temporada de calor es de noviembre a marzo, con las temperaturas m\u00e1s altas en enero. La temperatura promedio durante esta \u00e9poca es de 28\u00b0C (82\u00b0F). La temporada fr\u00eda dura desde mayo hasta agosto, con una temperatura m\u00e1xima promedio de 18\u00b0C (64\u00b0F). El fr\u00edo es seco con bajos niveles de humedad. Empaca m\u00e1s abrigo si viajas en julio, el mes m\u00e1s fr\u00edo del a\u00f1o. Curiosamente, la temporada de lluvias suele darse en los meses de verano y el tiempo es m\u00e1s seco en el fr\u00edo de julio. Las lluvias pueden ir desde una llovizna a tormentas, con una gran variedad de niveles de precipitaci\u00f3n. Las nevadas en las monta\u00f1as que rodean la ciudad capital durante los meses de invierno suelen ser comunes, as\u00ed que es una gran oportunidad para ir a esquiar.<\/b>\n          <br><b>La temporada de calor es de noviembre a marzo, con las temperaturas m\u00e1s altas en enero. La temperatura promedio durante esta \u00e9poca es de 28\u00b0C (82\u00b0F). La temporada fr\u00eda dura desde mayo hasta agosto, con una temperatura m\u00e1xima promedio de 18\u00b0C (64\u00b0F). El fr\u00edo es seco con bajos niveles de humedad. Empaca m\u00e1s abrigo si viajas en julio, el mes m\u00e1s fr\u00edo del a\u00f1o. Curiosamente, la temporada de lluvias suele darse en los meses de verano y el tiempo es m\u00e1s seco en el fr\u00edo de julio. Las lluvias pueden ir desde una llovizna a tormentas, con una gran variedad de niveles de precipitaci\u00f3n. Las nevadas en las monta\u00f1as que rodean la ciudad capital durante los meses de invierno suelen ser comunes, as\u00ed que es una gran oportunidad para ir a esquiar.<\/b>\n          <br>\n        <\/p>\n      <\/div>\n    <\/section>\n    <section class=\"u-align-center u-clearfix u-container-align-center u-grey-80 u-section-4\" id=\"carousel_2742\">\n      <div class=\"u-clearfix u-sheet u-sheet-1\">\n        <h3 class=\"u-align-center u-text u-text-custom-color-1 u-text-default u-text-1\"><b>\u00bfCu\u00e1l es el mejor momento para disfrutar de los tours del vino en Mendoza?<\/b>\n        <\/h3>\n        <p class=\"u-align-center u-large-text u-text u-text-default-lg u-text-default-md u-text-default-sm u-text-default-xs u-text-variant u-text-2\"><b>Podr\u00eda decirse que Mendoza se puede disfrutar durante todo el a\u00f1o; Pero entremos en detalles.<\/b>\n          <br><b>Oto\u00f1o:&nbsp;Entre marzo y mayo, un viaje de 4 d\u00edas es perfecto para una escapada r\u00e1pida con tem\u00e1tica de vinos. Esta \u00e9poca es perfecta para disfrutar de las rutas del vino de Mendoza porque es el inicio de la Fiesta Nacional de la Vendimia. Puede visitar muchas bodegas y disfrutar de muchas catas de vino.<\/b>\n          <br><b>Invierno:&nbsp;En invierno, Mendoza tiene un clima des\u00e9rtico fr\u00edo, d\u00edas soleados y brillantes con cielos despejados. Durante los meses de invierno de junio a agosto, puede disfrutar de una ciudad m\u00e1s tranquila, y los d\u00edas a\u00fan ser\u00e1n c\u00e1lidos con mucho sol, las bodegas siguen ofreciendo recorridos, solo que sin la elaboraci\u00f3n real del vino.<\/b>\n          <br><b>Primavera:&nbsp;De Septiembre a diciembre son unos meses perfectos para conocer Mendoza. El clima es agradable, durante el d\u00eda el sol se hace sentir, pero las noches son frescas para disfrutar de una copa de vino en alguna terraza de una bodega o bien aprovechar para recorrer las calles mendocinas y disfrutar de su gastronom\u00eda. De m\u00e1s est\u00e1 decir que es uno de los meses perfectos para conocer la Cordillera de los Andes aun con los vestigios del invierno, pero con un sol y un cielo \u00fanico en esa \u00e9poca.<\/b>\n          <br><b>Verano:&nbsp;De diciembre a febrero son los meses calurosos de verano en la regi\u00f3n. Lo mejor ser\u00eda llevar suficiente protector solar y reservar un hotel u hostal con piscina. Aunque Mendoza tiene un clima seco, el sol es fuerte y te alegrar\u00e1 estar bajo el aire acondicionado lejos del calor.<\/b>\n          <br>\n        <\/p>\n      <\/div>\n    <\/section>\n    <section class=\"u-align-center u-clearfix u-container-align-center u-grey-80 u-section-5\" id=\"carousel_7527\">\n      <div class=\"u-clearfix u-sheet u-sheet-1\">\n        <h3 class=\"u-align-center u-text u-text-custom-color-1 u-text-default u-text-1\"><b>\u00bfQu\u00e9 incluir en el equipaje?<\/b>\n        <\/h3>\n        <p class=\"u-align-center u-large-text u-text u-text-default-lg u-text-default-md u-text-default-sm u-text-default-xs u-text-variant u-text-2\"><b>En verano se recomienda llevar ropa c\u00f3moda, protecci\u00f3n solar y gafas de sol. Pero lleve siempre ropa para temperaturas m\u00e1s bajas. Incluso en verano, la temperatura puede bajar por la noche por la amplitud t\u00e9rmica. Hay varias opciones de ropa para mantenerse abrigado cuando hace fr\u00edo. En invierno, se recomienda llevar chaquetas impermeables, bufandas, guantes y gorros de lana.<\/b>\n          <br>\n        <\/p>\n      <\/div>\n    <\/section>\n    <section class=\"u-align-center u-clearfix u-container-align-center u-grey-80 u-section-6\" id=\"carousel_0f09\">\n      <div class=\"u-clearfix u-sheet u-sheet-1\">\n        <h3 class=\"u-align-center u-text u-text-custom-color-1 u-text-default u-text-1\"><b>\u00bfQu\u00e9 hacer en caso de necesitar asistencia m\u00e9dica?<\/b>\n        <\/h3>\n        <p class=\"u-align-center u-large-text u-text u-text-default-lg u-text-default-md u-text-default-sm u-text-default-xs u-text-variant u-text-2\"><b>Dentro de la ciudad, hay varias opciones en caso de necesitar asistencia m\u00e9dica. Normalmente, los hoteles le proporcionan una lista de hospitales o un m\u00e9dico que puede visitarlo en su hotel.Recomendamos estos dos hospitales:<\/b>\n          <br><b>Cl\u00ednica de Cuyo (privada) \u2013&nbsp;Av. Jos\u00e9 Vicente Zapata 63, Mendoza. Tel\u00e9fono: 0261 405-9000<\/b>\n          <br><b>Hospital Universitario-&nbsp;Paso de los Andes 3051, Mendoza. Tel\u00e9fono: 0810-999-1029<\/b>\n          <br>\n        <\/p>\n      <\/div>\n    <\/section>\n    <section class=\"u-align-center u-clearfix u-container-align-center u-grey-80 u-section-7\" id=\"carousel_8743\">\n      <div class=\"u-clearfix u-sheet u-sheet-1\">\n        <h3 class=\"u-align-center u-text u-text-custom-color-1 u-text-default u-text-1\"><b>\u00bfPuedo encontrar cajeros autom\u00e1ticos en Mendoza?<\/b>\n        <\/h3>\n        <p class=\"u-align-center u-large-text u-text u-text-default-lg u-text-default-md u-text-default-sm u-text-default-xs u-text-variant u-text-2\"><b>Hay bancos y cajeros autom\u00e1ticos en todo el centro de Mendoza. Tenga en cuenta que los cajeros autom\u00e1ticos suelen tener l\u00edmites de retirada de dinero y pueden cobrar altas comisiones de extracci\u00f3n (adem\u00e1s de las comisiones internacionales que cobre su banco).<\/b>\n          <br>\n        <\/p>\n      <\/div>\n    <\/section>\n    <section class=\"u-align-center u-clearfix u-container-align-center u-grey-80 u-section-8\" id=\"carousel_fcbb\">\n      <div class=\"u-clearfix u-sheet u-sheet-1\">\n        <h3 class=\"u-align-center u-text u-text-custom-color-1 u-text-default u-text-1\"><b>\u00bfCu\u00e1nto dinero puedo gastar por d\u00eda en Mendoza?<\/b>\n        <\/h3>\n        <p class=\"u-align-center u-large-text u-text u-text-default-lg u-text-default-md u-text-default-sm u-text-default-xs u-text-variant u-text-2\"><b>Alrededor de 50\/100 d\u00f3lares por d\u00eda, por persona, para gastos diarios como comer, comprar y transporte, dependiendo del dinero que quiera gastar en estos.<\/b>\n          <br>\n        <\/p>\n      <\/div>\n    <\/section>\n    \n    \n    \n    \n  \n","protected":false},"excerpt":{"rendered":"<p>Tips &amp; Consejos \u00bfC\u00f3mo es el clima en Mendoza? La temporada de calor es de noviembre a marzo, con las temperaturas m\u00e1s altas en enero. La temperatura promedio durante esta \u00e9poca es de 28\u00b0C (82\u00b0F). La temporada fr\u00eda dura desde mayo hasta agosto, con una temperatura m\u00e1xima promedio de 18\u00b0C (64\u00b0F). El fr\u00edo es seco &hellip; <a href=\"https:\/\/sarsturismo.com.ar\/index.php\/tips-2\/\" class=\"more-link\">Continue reading<span class=\"screen-reader-text\"> \u00abTips\u00bb<\/span><\/a><\/p>\n","protected":false},"author":1,"featured_media":0,"parent":0,"menu_order":3,"comment_status":"closed","ping_status":"closed","template":"","meta":{"footnotes":""},"class_list":["post-105","page","type-page","status-publish","hentry"],"yoast_head":"<!-- This site is optimized with the Yoast SEO plugin v24.6 - https:\/\/yoast.com\/wordpress\/plugins\/seo\/ -->\n<title>Tips - SARS Turismo<\/title>\n<meta name=\"robots\" content=\"index, follow, max-snippet:-1, max-image-preview:large, max-video-preview:-1\" \/>\n<link rel=\"canonical\" href=\"https:\/\/sarsturismo.com.ar\/index.php\/tips-2\/\" \/>\n<meta property=\"og:locale\" content=\"es_ES\" \/>\n<meta property=\"og:type\" content=\"article\" \/>\n<meta property=\"og:title\" content=\"Tips - SARS Turismo\" \/>\n<meta property=\"og:description\" content=\"Tips &amp; Consejos \u00bfC\u00f3mo es el clima en Mendoza? La temporada de calor es de noviembre a marzo, con las temperaturas m\u00e1s altas en enero. La temperatura promedio durante esta \u00e9poca es de 28\u00b0C (82\u00b0F). La temporada fr\u00eda dura desde mayo hasta agosto, con una temperatura m\u00e1xima promedio de 18\u00b0C (64\u00b0F). El fr\u00edo es seco &hellip; Continue reading &quot;Tips&quot;\" \/>\n<meta property=\"og:url\" content=\"https:\/\/sarsturismo.com.ar\/index.php\/tips-2\/\" \/>\n<meta property=\"og:site_name\" content=\"SARS Turismo\" \/>\n<meta property=\"article:modified_time\" content=\"2025-03-17T11:49:38+00:00\" \/>\n<meta name=\"twitter:card\" content=\"summary_large_image\" \/>\n<meta name=\"twitter:label1\" content=\"Tiempo de lectura\" \/>\n\t<meta name=\"twitter:data1\" content=\"4 minutos\" \/>\n<script type=\"application\/ld+json\" class=\"yoast-schema-graph\">{\"@context\":\"https:\/\/schema.org\",\"@graph\":[{\"@type\":\"WebPage\",\"@id\":\"https:\/\/sarsturismo.com.ar\/index.php\/tips-2\/\",\"url\":\"https:\/\/sarsturismo.com.ar\/index.php\/tips-2\/\",\"name\":\"Tips - SARS Turismo\",\"isPartOf\":{\"@id\":\"https:\/\/sarsturismo.com.ar\/#website\"},\"datePublished\":\"2025-02-26T00:57:06+00:00\",\"dateModified\":\"2025-03-17T11:49:38+00:00\",\"breadcrumb\":{\"@id\":\"https:\/\/sarsturismo.com.ar\/index.php\/tips-2\/#breadcrumb\"},\"inLanguage\":\"es\",\"potentialAction\":[{\"@type\":\"ReadAction\",\"target\":[\"https:\/\/sarsturismo.com.ar\/index.php\/tips-2\/\"]}]},{\"@type\":\"BreadcrumbList\",\"@id\":\"https:\/\/sarsturismo.com.ar\/index.php\/tips-2\/#breadcrumb\",\"itemListElement\":[{\"@type\":\"ListItem\",\"position\":1,\"name\":\"Portada\",\"item\":\"https:\/\/sarsturismo.com.ar\/\"},{\"@type\":\"ListItem\",\"position\":2,\"name\":\"Tips\"}]},{\"@type\":\"WebSite\",\"@id\":\"https:\/\/sarsturismo.com.ar\/#website\",\"url\":\"https:\/\/sarsturismo.com.ar\/\",\"name\":\"SARS Turismo\",\"description\":\"\",\"potentialAction\":[{\"@type\":\"SearchAction\",\"target\":{\"@type\":\"EntryPoint\",\"urlTemplate\":\"https:\/\/sarsturismo.com.ar\/?s={search_term_string}\"},\"query-input\":{\"@type\":\"PropertyValueSpecification\",\"valueRequired\":true,\"valueName\":\"search_term_string\"}}],\"inLanguage\":\"es\"}]}<\/script>\n<!-- \/ Yoast SEO plugin. -->","yoast_head_json":{"title":"Tips - SARS Turismo","robots":{"index":"index","follow":"follow","max-snippet":"max-snippet:-1","max-image-preview":"max-image-preview:large","max-video-preview":"max-video-preview:-1"},"canonical":"https:\/\/sarsturismo.com.ar\/index.php\/tips-2\/","og_locale":"es_ES","og_type":"article","og_title":"Tips - SARS Turismo","og_description":"Tips &amp; Consejos \u00bfC\u00f3mo es el clima en Mendoza? La temporada de calor es de noviembre a marzo, con las temperaturas m\u00e1s altas en enero. La temperatura promedio durante esta \u00e9poca es de 28\u00b0C (82\u00b0F). La temporada fr\u00eda dura desde mayo hasta agosto, con una temperatura m\u00e1xima promedio de 18\u00b0C (64\u00b0F). El fr\u00edo es seco &hellip; Continue reading \"Tips\"","og_url":"https:\/\/sarsturismo.com.ar\/index.php\/tips-2\/","og_site_name":"SARS Turismo","article_modified_time":"2025-03-17T11:49:38+00:00","twitter_card":"summary_large_image","twitter_misc":{"Tiempo de lectura":"4 minutos"},"schema":{"@context":"https:\/\/schema.org","@graph":[{"@type":"WebPage","@id":"https:\/\/sarsturismo.com.ar\/index.php\/tips-2\/","url":"https:\/\/sarsturismo.com.ar\/index.php\/tips-2\/","name":"Tips - SARS Turismo","isPartOf":{"@id":"https:\/\/sarsturismo.com.ar\/#website"},"datePublished":"2025-02-26T00:57:06+00:00","dateModified":"2025-03-17T11:49:38+00:00","breadcrumb":{"@id":"https:\/\/sarsturismo.com.ar\/index.php\/tips-2\/#breadcrumb"},"inLanguage":"es","potentialAction":[{"@type":"ReadAction","target":["https:\/\/sarsturismo.com.ar\/index.php\/tips-2\/"]}]},{"@type":"BreadcrumbList","@id":"https:\/\/sarsturismo.com.ar\/index.php\/tips-2\/#breadcrumb","itemListElement":[{"@type":"ListItem","position":1,"name":"Portada","item":"https:\/\/sarsturismo.com.ar\/"},{"@type":"ListItem","position":2,"name":"Tips"}]},{"@type":"WebSite","@id":"https:\/\/sarsturismo.com.ar\/#website","url":"https:\/\/sarsturismo.com.ar\/","name":"SARS Turismo","description":"","potentialAction":[{"@type":"SearchAction","target":{"@type":"EntryPoint","urlTemplate":"https:\/\/sarsturismo.com.ar\/?s={search_term_string}"},"query-input":{"@type":"PropertyValueSpecification","valueRequired":true,"valueName":"search_term_string"}}],"inLanguage":"es"}]}},"_links":{"self":[{"href":"https:\/\/sarsturismo.com.ar\/index.php\/wp-json\/wp\/v2\/pages\/105","targetHints":{"allow":["GET"]}}],"collection":[{"href":"https:\/\/sarsturismo.com.ar\/index.php\/wp-json\/wp\/v2\/pages"}],"about":[{"href":"https:\/\/sarsturismo.com.ar\/index.php\/wp-json\/wp\/v2\/types\/page"}],"author":[{"embeddable":true,"href":"https:\/\/sarsturismo.com.ar\/index.php\/wp-json\/wp\/v2\/users\/1"}],"replies":[{"embeddable":true,"href":"https:\/\/sarsturismo.com.ar\/index.php\/wp-json\/wp\/v2\/comments?post=105"}],"version-history":[{"count":3,"href":"https:\/\/sarsturismo.com.ar\/index.php\/wp-json\/wp\/v2\/pages\/105\/revisions"}],"predecessor-version":[{"id":120,"href":"https:\/\/sarsturismo.com.ar\/index.php\/wp-json\/wp\/v2\/pages\/105\/revisions\/120"}],"wp:attachment":[{"href":"https:\/\/sarsturismo.com.ar\/index.php\/wp-json\/wp\/v2\/media?parent=105"}],"curies":[{"name":"wp","href":"https:\/\/api.w.org\/{rel}","templated":true}]}}