{"id":103,"date":"2025-02-26T00:57:04","date_gmt":"2025-02-26T00:57:04","guid":{"rendered":"https:\/\/sarsturismo.com.ar\/index.php\/nosotros\/"},"modified":"2025-03-17T11:51:31","modified_gmt":"2025-03-17T11:51:31","slug":"nosotros","status":"publish","type":"page","link":"https:\/\/sarsturismo.com.ar\/index.php\/nosotros\/","title":{"rendered":"Nosotros"},"content":{"rendered":"\n    \n    <section class=\"u-align-center u-clearfix u-container-align-center u-image u-shading u-section-2\" id=\"carousel_790c\" data-image-width=\"1600\" data-image-height=\"1065\" style=\"background-image: linear-gradient(0deg, rgba(41, 46, 51, 0.75), rgba(41, 46, 51, 0.75)), url(&quot;https:\/\/sarsturismo.com.ar\/wp-content\/uploads\/2025\/02\/ValledeUco-TheVinesResort_Spa-Gym-2.jpg&quot;);\">\n      <div class=\"u-clearfix u-sheet u-valign-middle-md u-valign-middle-sm u-valign-middle-xs u-sheet-1\">\n        <h1 class=\"u-align-center u-text u-text-default u-title u-text-1\" data-animation-name=\"customAnimationIn\" data-animation-duration=\"1500\" data-animation-delay=\"500\"> Sobre Nosotros<\/h1>\n        <div class=\"u-image u-image-circle u-image-contain u-preserve-proportions u-image-1\" alt=\"\" data-image-width=\"2054\" data-image-height=\"2054\" data-animation-name=\"customAnimationIn\" data-animation-duration=\"1000\" data-animation-delay=\"0\" style=\"background-image: url(&quot;https:\/\/sarsturismo.com.ar\/wp-content\/uploads\/2025\/02\/SARS_2_-2.jpg&quot;);\"><\/div>\n        <p class=\"u-align-center u-large-text u-text u-text-variant u-text-2\" data-animation-name=\"customAnimationIn\" data-animation-duration=\"1500\" data-animation-delay=\"500\"><b>Sars Turismo es una empresa joven, que naci\u00f3 cuando el mundo entero se detuvo, cuando el mundo cambio para siempre. Naci\u00f3 para desafiar la tradicional manera de viajar y hacer de un simple viaje de turismo una&nbsp;EXPERIENCIA \u00daNICA E INOLVIDABLE.<\/b>\n        <\/p>\n      <\/div>\n    <\/section>\n    <section class=\"u-clearfix u-grey-80 u-section-3\" id=\"carousel_d0e6\">\n      <div class=\"u-clearfix u-sheet u-valign-middle u-sheet-1\">\n        <div class=\"data-layout-selected u-clearfix u-expanded-width u-layout-wrap u-layout-wrap-1\">\n          <div class=\"u-layout\">\n            <div class=\"u-layout-row\">\n              <div class=\"u-align-left u-container-align-left u-container-align-left-xl u-container-style u-layout-cell u-size-24 u-layout-cell-1\" data-animation-name=\"customAnimationIn\" data-animation-duration=\"1500\" data-animation-delay=\"500\">\n                <div class=\"u-container-layout u-valign-middle u-container-layout-1\">\n                  <p class=\"u-align-center-lg u-align-center-md u-align-center-sm u-align-center-xs u-align-left-xl u-text u-text-1\"><b>Dicen que lo que no emociona no ense\u00f1a, por eso dise\u00f1amos cada una de nuestras experiencias desde la&nbsp;EMOCI\u00d3N&nbsp;y desde las&nbsp;SENSACIONES. Tenemos nuestra propia filosof\u00eda, hacemos que nuestros pasajeros sean los protagonistas en cada lugar que visitan.<\/b>\n                  <\/p>\n                <\/div>\n              <\/div>\n              <div class=\"u-container-style u-layout-cell u-size-36 u-layout-cell-2\">\n                <div class=\"u-container-layout u-valign-middle-lg u-valign-middle-md u-valign-middle-sm u-valign-middle-xl u-container-layout-2\">\n                  <div class=\"u-shape u-shape-svg u-text-custom-color-1 u-shape-1\" data-animation-name=\"customAnimationIn\" data-animation-duration=\"1500\" data-animation-delay=\"500\">\n                    <svg class=\"u-svg-link\" preserveAspectRatio=\"none\" viewBox=\"0 0 160 160\" style=\"\"><use xlink:href=\"#svg-9d3d\"><\/use><\/svg>\n                    <svg xmlns=\"http:\/\/www.w3.org\/2000\/svg\" xmlns:xlink=\"http:\/\/www.w3.org\/1999\/xlink\" version=\"1.1\" xml:space=\"preserve\" class=\"u-svg-content\" viewBox=\"0 0 160 160\" x=\"0px\" y=\"0px\" id=\"svg-9d3d\" style=\"enable-background:new 0 0 160 160;\"><path d=\"M80,30c27.6,0,50,22.4,50,50s-22.4,50-50,50s-50-22.4-50-50S52.4,30,80,30 M80,0C35.8,0,0,35.8,0,80s35.8,80,80,80\n\ts80-35.8,80-80S124.2,0,80,0L80,0z\"><\/path><\/svg>\n                  <\/div>\n                  <div class=\"u-border-2 u-border-grey-75 u-image u-image-circle u-image-1\" data-image-width=\"771\" data-image-height=\"665\" data-animation-name=\"customAnimationIn\" data-animation-duration=\"1500\" style=\"background-image: url(&quot;https:\/\/sarsturismo.com.ar\/wp-content\/uploads\/2025\/02\/nosotros_1-1.png&quot;);\"><\/div>\n                  <div class=\"u-shape u-shape-svg u-text-custom-color-1 u-shape-2\" data-animation-name=\"bounceIn\" data-animation-duration=\"1250\" data-animation-direction=\"\" data-animation-delay=\"750\">\n                    <svg class=\"u-svg-link\" preserveAspectRatio=\"none\" viewBox=\"0 0 160 160\" style=\"\"><use xlink:href=\"#svg-9d3d\"><\/use><\/svg>\n                    <svg class=\"u-svg-content\" viewBox=\"0 0 160 160\" x=\"0px\" y=\"0px\" id=\"svg-9d3d\" style=\"enable-background:new 0 0 160 160;\"><path d=\"M80,30c27.6,0,50,22.4,50,50s-22.4,50-50,50s-50-22.4-50-50S52.4,30,80,30 M80,0C35.8,0,0,35.8,0,80s35.8,80,80,80\n\ts80-35.8,80-80S124.2,0,80,0L80,0z\"><\/path><\/svg>\n                  <\/div>\n                  <div class=\"u-shape u-shape-svg u-text-custom-color-1 u-shape-3\" data-animation-name=\"customAnimationIn\" data-animation-duration=\"1500\" data-animation-delay=\"250\">\n                    <svg class=\"u-svg-link\" preserveAspectRatio=\"none\" viewBox=\"0 0 160 50\" style=\"\"><use xlink:href=\"#svg-c9fe\"><\/use><\/svg>\n                    <svg class=\"u-svg-content\" viewBox=\"0 0 160 50\" x=\"0px\" y=\"0px\" id=\"svg-c9fe\" style=\"enable-background:new 0 0 160 50;\"><path d=\"M133,26.7c-13.9,9.7-25.8,9.7-39.8,0c-9.1-6.3-16.8-6.3-25.9,0c-13.8,9.6-25.1,9.6-38.9,0c-9.2-6.4-15.4-6.4-24.6,0L0,22\n\tc11.2-7.8,20.6-8.1,32.2,0c11,7.6,19,8.5,31.3,0c11.6-8.1,22.4-7.7,33.5,0c11.4,8,20.3,8.3,32.2,0c11.6-8.1,19.2-8.1,30.8,0\n\tl-3.8,4.7C146.9,20.2,142.3,20.2,133,26.7z M133,10.8c-13.9,9.7-25.8,9.7-39.8,0c-9.1-6.3-16.8-6.3-25.9,0\n\tc-13.8,9.6-25.1,9.6-38.9,0c-9.2-6.4-15.4-6.4-24.6,0L0,6.1c11.2-7.8,20.6-8.1,32.2,0c11,7.6,19,8.5,31.3,0C75.1-2,85.9-1.6,97,6.1\n\tc11.4,8,20.3,8.3,32.2,0C140.8-2,148.4-2,160,6.1l-3.8,4.7C146.9,4.3,142.3,4.3,133,10.8z M32.2,38c11,7.6,19,8.5,31.3,0\n\tc11.6-8.1,22.4-7.7,33.5,0c11.4,8,20.3,8.3,32.2,0c11.6-8.1,19.2-8.1,30.8,0l-3.8,4.7c-9.3-6.5-13.9-6.5-23.3,0\n\tc-13.9,9.7-25.8,9.7-39.8,0c-9.1-6.3-16.8-6.3-25.9,0c-13.8,9.6-25.1,9.6-38.9,0c-9.2-6.4-15.4-6.4-24.6,0L0,38\n\tC11.2,30.2,20.6,29.9,32.2,38z\"><\/path><\/svg>\n                  <\/div>\n                <\/div>\n              <\/div>\n            <\/div>\n          <\/div>\n        <\/div>\n      <\/div>\n    <\/section>\n    <section class=\"u-clearfix u-grey-80 u-section-4\" id=\"carousel_3d89\">\n      <div class=\"u-clearfix u-sheet u-sheet-1\">\n        <p class=\"u-align-center u-text u-text-1\"><b>Creamos itinerarios de acuerdo a los gustos y a cada sensaci\u00f3n que cada uno de ellos se quiera llevar en ese viaje, permitiendo as\u00ed una profunda interacci\u00f3n con los paisajes, las culturas y costumbres locales.<\/b>\n        <\/p>\n        <div class=\"u-border-10 u-border-white u-image u-image-circle u-image-1\" data-image-width=\"720\" data-image-height=\"720\" data-animation-name=\"customAnimationIn\" data-animation-duration=\"1500\" data-animation-delay=\"500\" style=\"background-image: url(&quot;https:\/\/sarsturismo.com.ar\/wp-content\/uploads\/2025\/02\/WhatsAppImage2024-03-02at14.35.441-1.jpeg&quot;);\"><\/div>\n        <div class=\"u-border-20 u-border-custom-color-1 u-image u-image-circle u-image-2\" data-image-width=\"888\" data-image-height=\"888\" data-animation-name=\"customAnimationIn\" data-animation-duration=\"1500\" data-animation-delay=\"750\" style=\"background-image: url(&quot;https:\/\/sarsturismo.com.ar\/wp-content\/uploads\/2025\/02\/nosotros_3-1.jpeg&quot;);\"><\/div>\n        <div class=\"u-shape u-shape-svg u-text-custom-color-1 u-shape-1\" data-animation-name=\"customAnimationIn\" data-animation-duration=\"1500\" data-animation-delay=\"250\">\n          <svg class=\"u-svg-link\" preserveAspectRatio=\"none\" viewBox=\"0 0 160 160\" style=\"\"><use xlink:href=\"#svg-1186\"><\/use><\/svg>\n          <svg class=\"u-svg-content\" viewBox=\"0 0 160 160\" x=\"0px\" y=\"0px\" id=\"svg-1186\" style=\"enable-background:new 0 0 160 160;\"><path d=\"M80,30c27.6,0,50,22.4,50,50s-22.4,50-50,50s-50-22.4-50-50S52.4,30,80,30 M80,0C35.8,0,0,35.8,0,80s35.8,80,80,80\n\ts80-35.8,80-80S124.2,0,80,0L80,0z\"><\/path><\/svg>\n        <\/div>\n        <div class=\"u-shape u-shape-svg u-text-palette-5-dark-2 u-shape-2\" data-animation-name=\"flipIn\" data-animation-duration=\"1000\" data-animation-direction=\"X\" data-animation-delay=\"500\">\n          <svg class=\"u-svg-link\" preserveAspectRatio=\"none\" viewBox=\"0 0 160 160\" style=\"\"><use xlink:href=\"#svg-525f\"><\/use><\/svg>\n          <svg class=\"u-svg-content\" viewBox=\"0 0 160 160\" x=\"0px\" y=\"0px\" id=\"svg-525f\" style=\"enable-background:new 0 0 160 160;\"><path d=\"M80,30c27.6,0,50,22.4,50,50s-22.4,50-50,50s-50-22.4-50-50S52.4,30,80,30 M80,0C35.8,0,0,35.8,0,80s35.8,80,80,80\n\ts80-35.8,80-80S124.2,0,80,0L80,0z\"><\/path><\/svg>\n        <\/div>\n      <\/div>\n    <\/section>\n    \n    \n    \n    \n  \n","protected":false},"excerpt":{"rendered":"<p>Sobre Nosotros Sars Turismo es una empresa joven, que naci\u00f3 cuando el mundo entero se detuvo, cuando el mundo cambio para siempre. Naci\u00f3 para desafiar la tradicional manera de viajar y hacer de un simple viaje de turismo una&nbsp;EXPERIENCIA \u00daNICA E INOLVIDABLE. Dicen que lo que no emociona no ense\u00f1a, por eso dise\u00f1amos cada una &hellip; <a href=\"https:\/\/sarsturismo.com.ar\/index.php\/nosotros\/\" class=\"more-link\">Continue reading<span class=\"screen-reader-text\"> \u00abNosotros\u00bb<\/span><\/a><\/p>\n","protected":false},"author":1,"featured_media":0,"parent":0,"menu_order":1,"comment_status":"closed","ping_status":"closed","template":"","meta":{"footnotes":""},"class_list":["post-103","page","type-page","status-publish","hentry"],"yoast_head":"<!-- This site is optimized with the Yoast SEO plugin v24.6 - https:\/\/yoast.com\/wordpress\/plugins\/seo\/ -->\n<title>Nosotros - SARS Turismo<\/title>\n<meta name=\"robots\" content=\"index, follow, max-snippet:-1, max-image-preview:large, max-video-preview:-1\" \/>\n<link rel=\"canonical\" href=\"https:\/\/sarsturismo.com.ar\/index.php\/nosotros\/\" \/>\n<meta property=\"og:locale\" content=\"es_ES\" \/>\n<meta property=\"og:type\" content=\"article\" \/>\n<meta property=\"og:title\" content=\"Nosotros - SARS Turismo\" \/>\n<meta property=\"og:description\" content=\"Sobre Nosotros Sars Turismo es una empresa joven, que naci\u00f3 cuando el mundo entero se detuvo, cuando el mundo cambio para siempre. Naci\u00f3 para desafiar la tradicional manera de viajar y hacer de un simple viaje de turismo una&nbsp;EXPERIENCIA \u00daNICA E INOLVIDABLE. Dicen que lo que no emociona no ense\u00f1a, por eso dise\u00f1amos cada una &hellip; Continue reading &quot;Nosotros&quot;\" \/>\n<meta property=\"og:url\" content=\"https:\/\/sarsturismo.com.ar\/index.php\/nosotros\/\" \/>\n<meta property=\"og:site_name\" content=\"SARS Turismo\" \/>\n<meta property=\"article:modified_time\" content=\"2025-03-17T11:51:31+00:00\" \/>\n<meta name=\"twitter:card\" content=\"summary_large_image\" \/>\n<meta name=\"twitter:label1\" content=\"Tiempo de lectura\" \/>\n\t<meta name=\"twitter:data1\" content=\"1 minuto\" \/>\n<script type=\"application\/ld+json\" class=\"yoast-schema-graph\">{\"@context\":\"https:\/\/schema.org\",\"@graph\":[{\"@type\":\"WebPage\",\"@id\":\"https:\/\/sarsturismo.com.ar\/index.php\/nosotros\/\",\"url\":\"https:\/\/sarsturismo.com.ar\/index.php\/nosotros\/\",\"name\":\"Nosotros - SARS Turismo\",\"isPartOf\":{\"@id\":\"https:\/\/sarsturismo.com.ar\/#website\"},\"datePublished\":\"2025-02-26T00:57:04+00:00\",\"dateModified\":\"2025-03-17T11:51:31+00:00\",\"breadcrumb\":{\"@id\":\"https:\/\/sarsturismo.com.ar\/index.php\/nosotros\/#breadcrumb\"},\"inLanguage\":\"es\",\"potentialAction\":[{\"@type\":\"ReadAction\",\"target\":[\"https:\/\/sarsturismo.com.ar\/index.php\/nosotros\/\"]}]},{\"@type\":\"BreadcrumbList\",\"@id\":\"https:\/\/sarsturismo.com.ar\/index.php\/nosotros\/#breadcrumb\",\"itemListElement\":[{\"@type\":\"ListItem\",\"position\":1,\"name\":\"Portada\",\"item\":\"https:\/\/sarsturismo.com.ar\/\"},{\"@type\":\"ListItem\",\"position\":2,\"name\":\"Nosotros\"}]},{\"@type\":\"WebSite\",\"@id\":\"https:\/\/sarsturismo.com.ar\/#website\",\"url\":\"https:\/\/sarsturismo.com.ar\/\",\"name\":\"SARS Turismo\",\"description\":\"\",\"potentialAction\":[{\"@type\":\"SearchAction\",\"target\":{\"@type\":\"EntryPoint\",\"urlTemplate\":\"https:\/\/sarsturismo.com.ar\/?s={search_term_string}\"},\"query-input\":{\"@type\":\"PropertyValueSpecification\",\"valueRequired\":true,\"valueName\":\"search_term_string\"}}],\"inLanguage\":\"es\"}]}<\/script>\n<!-- \/ Yoast SEO plugin. -->","yoast_head_json":{"title":"Nosotros - SARS Turismo","robots":{"index":"index","follow":"follow","max-snippet":"max-snippet:-1","max-image-preview":"max-image-preview:large","max-video-preview":"max-video-preview:-1"},"canonical":"https:\/\/sarsturismo.com.ar\/index.php\/nosotros\/","og_locale":"es_ES","og_type":"article","og_title":"Nosotros - SARS Turismo","og_description":"Sobre Nosotros Sars Turismo es una empresa joven, que naci\u00f3 cuando el mundo entero se detuvo, cuando el mundo cambio para siempre. Naci\u00f3 para desafiar la tradicional manera de viajar y hacer de un simple viaje de turismo una&nbsp;EXPERIENCIA \u00daNICA E INOLVIDABLE. Dicen que lo que no emociona no ense\u00f1a, por eso dise\u00f1amos cada una &hellip; Continue reading \"Nosotros\"","og_url":"https:\/\/sarsturismo.com.ar\/index.php\/nosotros\/","og_site_name":"SARS Turismo","article_modified_time":"2025-03-17T11:51:31+00:00","twitter_card":"summary_large_image","twitter_misc":{"Tiempo de lectura":"1 minuto"},"schema":{"@context":"https:\/\/schema.org","@graph":[{"@type":"WebPage","@id":"https:\/\/sarsturismo.com.ar\/index.php\/nosotros\/","url":"https:\/\/sarsturismo.com.ar\/index.php\/nosotros\/","name":"Nosotros - SARS Turismo","isPartOf":{"@id":"https:\/\/sarsturismo.com.ar\/#website"},"datePublished":"2025-02-26T00:57:04+00:00","dateModified":"2025-03-17T11:51:31+00:00","breadcrumb":{"@id":"https:\/\/sarsturismo.com.ar\/index.php\/nosotros\/#breadcrumb"},"inLanguage":"es","potentialAction":[{"@type":"ReadAction","target":["https:\/\/sarsturismo.com.ar\/index.php\/nosotros\/"]}]},{"@type":"BreadcrumbList","@id":"https:\/\/sarsturismo.com.ar\/index.php\/nosotros\/#breadcrumb","itemListElement":[{"@type":"ListItem","position":1,"name":"Portada","item":"https:\/\/sarsturismo.com.ar\/"},{"@type":"ListItem","position":2,"name":"Nosotros"}]},{"@type":"WebSite","@id":"https:\/\/sarsturismo.com.ar\/#website","url":"https:\/\/sarsturismo.com.ar\/","name":"SARS Turismo","description":"","potentialAction":[{"@type":"SearchAction","target":{"@type":"EntryPoint","urlTemplate":"https:\/\/sarsturismo.com.ar\/?s={search_term_string}"},"query-input":{"@type":"PropertyValueSpecification","valueRequired":true,"valueName":"search_term_string"}}],"inLanguage":"es"}]}},"_links":{"self":[{"href":"https:\/\/sarsturismo.com.ar\/index.php\/wp-json\/wp\/v2\/pages\/103","targetHints":{"allow":["GET"]}}],"collection":[{"href":"https:\/\/sarsturismo.com.ar\/index.php\/wp-json\/wp\/v2\/pages"}],"about":[{"href":"https:\/\/sarsturismo.com.ar\/index.php\/wp-json\/wp\/v2\/types\/page"}],"author":[{"embeddable":true,"href":"https:\/\/sarsturismo.com.ar\/index.php\/wp-json\/wp\/v2\/users\/1"}],"replies":[{"embeddable":true,"href":"https:\/\/sarsturismo.com.ar\/index.php\/wp-json\/wp\/v2\/comments?post=103"}],"version-history":[{"count":1,"href":"https:\/\/sarsturismo.com.ar\/index.php\/wp-json\/wp\/v2\/pages\/103\/revisions"}],"predecessor-version":[{"id":112,"href":"https:\/\/sarsturismo.com.ar\/index.php\/wp-json\/wp\/v2\/pages\/103\/revisions\/112"}],"wp:attachment":[{"href":"https:\/\/sarsturismo.com.ar\/index.php\/wp-json\/wp\/v2\/media?parent=103"}],"curies":[{"name":"wp","href":"https:\/\/api.w.org\/{rel}","templated":true}]}}